{"id":1445,"date":"2022-08-09T10:13:34","date_gmt":"2022-08-09T10:13:34","guid":{"rendered":"https:\/\/svea-gustafsen.com\/?page_id=1445"},"modified":"2023-04-05T12:37:07","modified_gmt":"2023-04-05T12:37:07","slug":"impressum","status":"publish","type":"page","link":"https:\/\/svea-gustafsen.com\/en\/impressum","title":{"rendered":"Impressum"},"content":{"rendered":"<h4>Copyright<\/h4>\n<p>Der Inhalt dieser Website (Texte, Bilder, Grafiken, Animationen, etc.) unterliegt dem Urheberrecht und anderen Gesetzen zum Schutze geistigen Eigentums. Ohne vorherige schriftliche Zustimmung von Svea Gustafsen d\u00fcrfen weder f\u00fcr private noch f\u00fcr gesch\u00e4ftliche Zwecke Elemente der Website verwendet, kopiert oder ver\u00e4ndert werden.<\/p>\n<h5>Haftungsausschluss<\/h5>\n<p>Haftung f\u00fcr Inhalte<br \/>\nDie Inhalte meiner Seiten wurden mit gr\u00f6\u00dfter Sorgfalt erstellt. F\u00fcr die Richtigkeit, Vollst\u00e4ndigkeit und Aktualit\u00e4t der Inhalte kann ich jedoch keine Gew\u00e4hr \u00fcbernehmen. Ich bin gem\u00e4\u00df \u00a7 7 Abs.1 TMG f\u00fcr eigene Inhalte auf diesen Seiten nach den allgemeinen Gesetzen verantwortlich. Nach \u00a7\u00a7 8 bis 10 TMG bin ich jedoch nicht verpflichtet, \u00fcbermittelte oder gespeicherte fremde Informationen zu \u00fcberwachen oder nach Umst\u00e4nden zu forschen, die auf eine rechtswidrige T\u00e4tigkeit hinweisen. Verpflichtungen zur Entfernung oder Sperrung der Nutzung von Informationen nach den allgemeinen Gesetzen bleiben hiervon unber\u00fchrt. Eine diesbez\u00fcgliche Haftung ist jedoch erst ab dem Zeitpunkt der Kenntnis einer konkreten Rechtsverletzung m\u00f6glich. Bei Bekanntwerden von entsprechenden Rechtsverletzungen werde ich diese Inhalte umgehend entfernen.<\/p>\n<p>Haftung f\u00fcr externe Links<br \/>\nMeine Website enth\u00e4lt Links zu externen Webseiten Dritter, auf deren Inhalte ich keinen Einfluss habe. Die Inhalte dieser externen Links wurden beim Setzen der Links gepr\u00fcft.<br \/>\nEs kann jedoch nicht ausgeschlossen werden, dass die Inhalte von den jeweiligen Anbietern nachtr\u00e4glich ver\u00e4ndert wurden.<br \/>\nF\u00fcr die Inhalte der verlinkten Seiten ist stets der jeweilige Anbieter oder Betreiber der Seiten verantwortlich.<br \/>\nSollten Sie bemerken, dass die Inhalte der externen Anbieter gegen geltendes Recht versto\u00dfen, teilen Sie mir dies bitte mit.<\/p>\n<h5>Abmahnung<\/h5>\n<p>Keine Abmahnung ohne vorherige Kontaktaufnahme mit mir! Sollte der Inhalt oder die Aufmachung dieser Seiten fremde Rechte Dritter oder gesetzliche Bestimmungen verletzen, so bitte ich um eine entsprechende Nachricht ohne Kostennote.<br \/>\nIch garantiere, dass die zu Recht beanstandeten Passagen unverz\u00fcglich entfernt oder ver\u00e4ndert werden, ohne dass von Ihrer Seite die Einschaltung eines Rechtsbeistandes erforderlich ist. Sollten dennoch von Ihnen Kosten ausgel\u00f6st werden, ohne dass vorher eine Kontaktaufnahme mit mir erfolgt ist, werde ich diese im Sinne Ihrer Schadenminderungspflicht (\u00a7254 Abs. 2 BGB) als unbegr\u00fcndet voll umf\u00e4nglich zur\u00fcckweisen und gegebenenfalls wegen Verletzung vorgenannter Bestimmungen Gegenklage einreichen.<\/p>\n<h5>Widerspruch gegen Werbe-Mails<\/h5>\n<p>Die Nutzung von im Rahmen der Impressumspflicht ver\u00f6ffentlichten Kontaktdaten zur \u00dcbersendung von nicht ausdr\u00fccklich angeforderter Werbung und Informationsmaterialien wird hiermit widersprochen. Ich behalte mir ausdr\u00fccklich rechtliche Schritte im Falle der unverlangten Zusendung von Werbeinformationen, etwa durch Spam-E-Mails, vor.<\/p>","protected":false},"excerpt":{"rendered":"<p>Copyright Der Inhalt dieser Website (Texte, Bilder, Grafiken, Animationen, etc.) unterliegt dem Urheberrecht und anderen Gesetzen zum Schutze geistigen Eigentums. Ohne vorherige schriftliche Zustimmung von Svea Gustafsen d\u00fcrfen weder f\u00fcr private noch f\u00fcr gesch\u00e4ftliche&#46;&#46;&#46;<\/p>","protected":false},"author":1,"featured_media":0,"parent":0,"menu_order":0,"comment_status":"closed","ping_status":"closed","template":"","meta":{"_acf_changed":false,"footnotes":""},"class_list":["post-1445","page","type-page","status-publish","hentry"],"acf":[],"_links":{"self":[{"href":"https:\/\/svea-gustafsen.com\/en\/wp-json\/wp\/v2\/pages\/1445","targetHints":{"allow":["GET"]}}],"collection":[{"href":"https:\/\/svea-gustafsen.com\/en\/wp-json\/wp\/v2\/pages"}],"about":[{"href":"https:\/\/svea-gustafsen.com\/en\/wp-json\/wp\/v2\/types\/page"}],"author":[{"embeddable":true,"href":"https:\/\/svea-gustafsen.com\/en\/wp-json\/wp\/v2\/users\/1"}],"replies":[{"embeddable":true,"href":"https:\/\/svea-gustafsen.com\/en\/wp-json\/wp\/v2\/comments?post=1445"}],"version-history":[{"count":15,"href":"https:\/\/svea-gustafsen.com\/en\/wp-json\/wp\/v2\/pages\/1445\/revisions"}],"predecessor-version":[{"id":3049,"href":"https:\/\/svea-gustafsen.com\/en\/wp-json\/wp\/v2\/pages\/1445\/revisions\/3049"}],"wp:attachment":[{"href":"https:\/\/svea-gustafsen.com\/en\/wp-json\/wp\/v2\/media?parent=1445"}],"curies":[{"name":"wp","href":"https:\/\/api.w.org\/{rel}","templated":true}]}}