{"id":1448,"date":"2022-08-09T10:14:53","date_gmt":"2022-08-09T10:14:53","guid":{"rendered":"https:\/\/svea-gustafsen.com\/?page_id=1448"},"modified":"2023-04-05T12:36:48","modified_gmt":"2023-04-05T12:36:48","slug":"datenschutz","status":"publish","type":"page","link":"https:\/\/svea-gustafsen.com\/en\/datenschutz","title":{"rendered":"Privacy Policy"},"content":{"rendered":"<p><span style=\"font-family: gothic-a1-light;\"><\/span><\/p>\r\n<h4>Datensicherheit<\/h4>\r\n<p>Um die Sicherheit Ihrer Daten bei der \u00dcbertragung zu sch\u00fctzen, verwende ich auf meiner Website dem aktuellen Stand der Technik entsprechende Verschl\u00fcsselungsverfahren SSL \u00fcber HTTPS.<br \/>SSL steht f\u00fcr \u201eSecure Sockets Layer\u201c und ist die Standardtechnologie f\u00fcr die Absicherung von Internetverbindungen und den Schutz sensibler Daten, die zwischen zwei Systemen \u00fcbertragen werden. So wird verhindert, dass Kriminelle \u00fcbertragene Informationen, einschlie\u00dflich potenzieller pers\u00f6nlicher Daten, lesen und ver\u00e4ndern.<br \/>Zur Sicherung Ihrer Daten unterhalte ich technische und organisatorische Sicherungsma\u00dfnahmen entsprechend Art. 32 DSGVO, die ich immer wieder dem Stand der Technik anpasse.<\/p>\r\n<h5>Umfang und Zweck der Verarbeitung personenbezogener Daten<\/h5>\r\n<p>Beim Aufruf meiner Webseite werden durch den Internet-Browser, den der Besucher verwendet, automatisch Daten an den Host-Server meiner Webseite gesendet und zeitlich begrenzt in einer Protokolldatei (Logfiles) gespeichert.<br \/>Bis zur automatischen L\u00f6schung werden nachstehende Daten ohne weitere Eingabe des Besuchers gespeichert:<\/p>\r\n<ul>\r\n<li>Internet-Protokoll-Adresse (IP-Adresse) des Endger\u00e4ts des Besuchers,<\/li>\r\n<li>Datum und Uhrzeit des Zugriffs durch den Besucher,<\/li>\r\n<li>Name und URL (Internet-Adresse) der vom Besucher aufgerufenen Seite,<\/li>\r\n<li>Webseite, von der aus der Besucher auf meine Webseite gelangt (sog. Referrer-URL),<\/li>\r\n<li>Sprache und Version der Browsersoftware,<\/li>\r\n<li>Browser und Betriebssystem des Endger\u00e4ts des Besuchers sowie der Name des vom Besucher verwendeten Access-Providers.<\/li>\r\n<\/ul>\r\n<p>Bei der Nutzung dieser allgemeinen Daten und Informationen zieht Svea Gustafsen keine R\u00fcckschl\u00fcsse auf die betroffene Person. Diese Informationen werden vielmehr ben\u00f6tigt, um<\/p>\r\n<ul>\r\n<li>die Inhalte meiner Website korrekt auszuliefern,<\/li>\r\n<li>die Inhalte meiner Website zu optimieren,<\/li>\r\n<li>die dauerhafte Funktionsf\u00e4higkeit unserer informationstechnologischen Systeme und der Technik meiner Website zu gew\u00e4hrleisten,<\/li>\r\n<li>um Strafverfolgungsbeh\u00f6rden im Falle eines Cyberangriffes die zur Strafverfolgung notwendigen Informationen bereitzustellen.<\/li>\r\n<\/ul>\r\n<p>Die anonymen Daten der Server-Logfiles werden getrennt von allen durch eine betroffene Person angegebenen personenbezogenen Daten gespeichert.<\/p>\r\n<h5>Umgang mit Kontaktdaten<\/h5>\r\n<p>Nehmen Sie mit mir als Websitebetreiberin durch die angebotenen Kontaktm\u00f6glichkeiten Verbindung auf, werden Ihre Angaben gespeichert, damit auf diese zur Bearbeitung und Beantwortung Ihrer Anfrage zur\u00fcckgegriffen werden kann.<br \/>Ohne Ihre Einwilligung werden diese Daten nicht an Dritte weitergegeben.<\/p>\r\n<h5>Externe Links<\/h5>\r\n<p>Meine Website enth\u00e4lt Links zu externen Webseiten Dritter, auf deren Inhalte ich keinen Einfluss habe. Die Inhalte dieser externen Links wurden beim Setzen der Links gepr\u00fcft.<br \/>Es kann jedoch nicht ausgeschlossen werden, dass die Inhalte von den jeweiligen Anbietern nachtr\u00e4glich ver\u00e4ndert wurden.<br \/>F\u00fcr die Inhalte der verlinkten Seiten ist stets der jeweilige Anbieter oder Betreiber der Seiten verantwortlich.<br \/>Sollten Sie bemerken, dass die Inhalte der externen Anbieter gegen geltendes Recht versto\u00dfen, teilen Sie mir dies bitte mit.<\/p>\r\n<h5>Cookies<\/h5>\r\n<p>Auf meiner Webseite werden sog. Cookies eingesetzt. Das sind Datenpakete, die zwischen dem Host-Server meiner Webseite und dem Browser des Besuchers ausgetauscht werden. Diese werden beim Besuch der Webseite von den jeweils verwendeten Ger\u00e4ten (PC, Notebook, Tablet, Smartphone etc.) gespeichert. Cookies k\u00f6nnen insoweit keine Sch\u00e4den auf den verwendeten Ger\u00e4ten anrichten. Insbesondere enthalten sie keine Viren oder sonstige Schadsoftware.<br \/>In den Cookies werden Informationen abgelegt, die sich jeweils im Zusammenhang mit dem spezifisch eingesetzten Endger\u00e4t ergeben.<br \/>Svea Gustafsen kann damit keinesfalls unmittelbar Kenntnis von der Identit\u00e4t des Besuchers der Webseite erhalten.<\/p>\r\n<h5>Newsletter<\/h5>\r\n<p>Ich \u00fcbersende Ihnen unregelm\u00e4\u00dfig meinen Newsletter an Ihre angegebene E\u2011Mail-Adresse auf Grundlage Ihrer ausdr\u00fccklich erteilten Einwilligung.<\/p>\r\n<p>F\u00fcr den Empfang des Newsletters ist die Angabe Ihrer E\u2011Mail-Adresse ausreichend. Die von Ihnen bei der Anmeldung zum Bezug des Newsletters angegebenen Daten werden ausschlie\u00dflich f\u00fcr diesen Zweck verwendet und nicht an Dritte weitergegeben.<\/p>\r\n<p>Ich setze das \u201eDouble-opt-in\u201c-Verfahren ein, um zu \u00fcberpr\u00fcfen, dass eine Anmeldung tats\u00e4chlich durch den Inhaber einer E\u2011Mail-Adresse erfolgt und protokolliere die Bestellung des Newsletters, den Versand einer Best\u00e4tigungsmail und den Eingang der hiermit angeforderten Antwort. Weitere Daten werden nicht erhoben.<\/p>\r\n<p>Die Einwilligung zur Speicherung Ihrer pers\u00f6nlichen Daten und ihrer Nutzung f\u00fcr den Newsletterversand k\u00f6nnen Sie jederzeit widerrufen. Ein entsprechender Link findet sich dazu in jedem Newsletter. Auch direkt auf meiner Webseite k\u00f6nnen Sie sich jederzeit abmelden oder mir Ihren entsprechenden Wunsch \u00fcber die am Ende dieser Datenschutzhinweise angegebene Kontaktm\u00f6glichkeit mitteilen.<\/p>\r\n<h5>Eingebettete YouTube-Videos<\/h5>\r\n<p>Auf einigen meiner Webseiten bette ich YouTube-Videos ein. Betreiber der entsprechenden Plugins ist die YouTube, LLC, 901 Cherry Ave., San Bruno, CA 94066, USA. Wenn Sie eine Seite mit dem YouTube-Plugin besuchen, wird eine Verbindung zu Servern von YouTube hergestellt. Dabei wird YouTube mitgeteilt, welche Seiten Sie besuchen. Wenn Sie in Ihrem YouTube-Account eingeloggt sind, kann YouTube Ihr Surfverhalten Ihnen pers\u00f6nlich zuzuordnen. Dies verhindern Sie, indem Sie sich vorher aus Ihrem YouTube-Account ausloggen.<\/p>\r\n<p>Wird ein YouTube-Video gestartet, setzt der Anbieter Cookies ein, die Hinweise \u00fcber das Nutzerverhalten sammeln.<\/p>\r\n<p>Wer das Speichern von Cookies f\u00fcr das Google-Ad-Programm deaktiviert hat, wird auch beim Anschauen von YouTube-Videos mit keinen solchen Cookies rechnen m\u00fcssen. YouTube legt aber auch in anderen Cookies nicht-personenbezogene Nutzungsinformationen ab. M\u00f6chten Sie dies verhindern, so m\u00fcssen Sie das Speichern von Cookies im Browser blockieren.<\/p>\r\n<p>Weitere Informationen zum Datenschutz bei \u201eYouTube\u201c finden Sie in der Datenschutzerkl\u00e4rung des Anbieters unter: <a href=\"https:\/\/www.google.de\/intl\/de\/policies\/privacy\/\" target=\"_blank\" rel=\"noopener\">google.de\/intl\/de\/policies\/privacy<\/a><\/p>\r\n<h5>Instagram<\/h5>\r\n<p align=\"LEFT\">Auf dieser Website sind Funktionen des Dienstes Instagram eingebunden. Diese Funktionen werden angeboten durch die Meta Platforms Ireland Limited, 4 Grand Canal Square, Grand Canal Harbour, Dublin 2, Irland.<\/p>\r\n<p align=\"LEFT\">Wenn das Social-Media-Element aktiv ist, wird eine direkte Verbindung zwischen Ihrem Endger\u00e4t und dem Instagram-Server hergestellt. Instagram erh\u00e4lt dadurch Informationen \u00fcber den Besuch dieser Website durch Sie.<\/p>\r\n<p align=\"LEFT\">Wenn Sie in Ihrem Instagram-Account eingeloggt sind, k\u00f6nnen Sie durch Anklicken des Instagram-Buttons die Inhalte dieser Website mit Ihrem Instagram-Profil verlinken. Dadurch kann Instagram den Besuch dieser Website Ihrem Benutzerkonto zuordnen. Wir weisen darauf hin, dass wir als Anbieter der Seiten keine Kenntnis vom Inhalt der \u00fcbermittelten Daten sowie deren Nutzung durch Instagram erhalten.<\/p>\r\n<p align=\"LEFT\">Soweit eine Einwilligung (Consent) eingeholt wurde, erfolgt der Einsatz des o. g. Dienstes auf Grundlage von Art. 6 Abs. 1 lit. a DSGVO und \u00a7 25 TTDSG. Die Einwilligung ist jederzeit widerrufbar. Soweit keine Einwilligung eingeholt wurde, erfolgt die Verwendung des Dienstes auf Grundlage unseres berechtigten Interesses an einer m\u00f6glichst umfassenden Sichtbarkeit in den Sozialen Medien.<\/p>\r\n<p align=\"LEFT\">Soweit mit Hilfe des hier beschriebenen Tools personenbezogene Daten auf unserer Website erfasst und an Facebook bzw. Instagram weitergeleitet werden, sind wir und die Meta Platforms Ireland Limited, 4 Grand Canal Square, Grand Canal Harbour, Dublin 2, Irland gemeinsam f\u00fcr diese Datenverarbeitung verantwortlich (Art. 26 DSGVO). Die gemeinsame Verantwortlichkeit beschr\u00e4nkt sich dabei ausschlie\u00dflich auf die Erfassung der Daten und deren Weitergabe an Facebook bzw. Instagram. Die nach der Weiterleitung erfolgende Verarbeitung durch Facebook bzw. Instagram ist nicht Teil der gemeinsamen Verantwortung. Die uns gemeinsam obliegenden Verpflichtungen wurden in einer Vereinbarung \u00fcber gemeinsame Verarbeitung festgehalten.<\/p>\r\n<p align=\"LEFT\">Den Wortlaut der Vereinbarung finden Sie unter:<br \/><a href=\"https:\/\/www.facebook.com\/legal\/controller_addendum\" target=\"_blank\" rel=\"noopener\">https:\/\/www.facebook.com\/legal\/controller_addendum.<\/a><\/p>\r\n<p align=\"LEFT\">Laut dieser Vereinbarung sind wir f\u00fcr die Erteilung der Datenschutzinformationen beim Einsatz des Facebook- bzw. Instagram-Tools und f\u00fcr die datenschutzrechtlich sichere Implementierung des Tools auf unserer Website verantwortlich. F\u00fcr die Datensicherheit der Facebook bzw. Instagram-Produkte ist Facebook verantwortlich. Betroffenenrechte (z. B. Auskunftsersuchen) hinsichtlich der bei Facebook bzw. Instagram verarbeiteten Daten k\u00f6nnen Sie direkt bei Facebook geltend machen. Wenn Sie die Betroffenenrechte bei uns geltend machen, sind wir verpflichtet, diese an Facebook weiterzuleiten.<\/p>\r\n<p align=\"LEFT\">Die Daten\u00fcbertragung in die USA wird auf die Standardvertragsklauseln der EU-Kommission gest\u00fctzt. Details finden Sie hier:<br \/><a href=\"https:\/\/www.facebook.com\/legal\/EU_data_transfer_addendum\" target=\"_blank\" rel=\"noopener\">https:\/\/www.facebook.com\/legal\/EU_data_transfer_addendum<\/a><br \/><a href=\"https:\/\/help.instagram.com\/519522125107875\" target=\"_blank\" rel=\"noopener\">https:\/\/help.instagram.com\/519522125107875<\/a><br \/><a href=\"https:\/\/de-de.facebook.com\/help\/566994660333381\" target=\"_blank\" rel=\"noopener\">https:\/\/de-de.facebook.com\/help\/566994660333381<\/a><\/p>\r\n<p align=\"LEFT\">Weitere Informationen hierzu finden Sie in der Datenschutzerkl\u00e4rung von Instagram:<br \/><a href=\"https:\/\/instagram.com\/about\/legal\/privacy\/\" target=\"_blank\" rel=\"noopener\">https:\/\/instagram.com\/about\/legal\/privacy\/<\/a><\/p>\r\n<h5>Ihre Rechte als betroffene Person<\/h5>\r\n<p>Die betroffene Person hat gegen\u00fcber Svea Gustafsen folgende Rechte hinsichtlich der sie betreffenden personenbezogenen Daten:<\/p>\r\n<ul>\r\n<li>das Recht auf Auskunft nach Art. 15 DS-GVO i.V.m. \u00a7 34 BDSG,<\/li>\r\n<li>das Recht auf Berichtigung gem\u00e4\u00df Art. 16 DS-GVO,<\/li>\r\n<li>das Recht auf L\u00f6schung aus Art. 17 DS-GVO i.V.m. \u00a7 35 BDSG,<\/li>\r\n<li>das Recht auf Einschr\u00e4nkung der Verarbeitung gem\u00e4\u00df Art. 18 DS-GVO,<\/li>\r\n<li>das Recht auf Daten\u00fcbertragbarkeit aus Art. 20 DS-GVO,<\/li>\r\n<li>das Recht auf Beschwerde bei einer zust\u00e4ndigen Datenschutzaufsichtsbeh\u00f6rde gem\u00e4\u00df Art. 77 DS-GVO i. V. m. \u00a7 19 BDSG,<\/li>\r\n<li>das Widerspruchsrecht gem\u00e4\u00df Art. 21 DS-GVO.<\/li>\r\n<\/ul>\r\n<h5>Widerruf Ihrer Einwilligung zur Datenverarbeitung<\/h5>\r\n<p>Viele Datenverarbeitungsvorg\u00e4nge sind nur mit Ihrer ausdr\u00fccklichen Einwilligung m\u00f6glich. Sie k\u00f6nnen eine bereits erteilte Einwilligung jederzeit widerrufen. Dazu reicht eine formlose Mitteilung per E-Mail an mich. Die Rechtm\u00e4\u00dfigkeit der bis zum Widerruf erfolgten Datenverarbeitung bleibt vom Widerruf unber\u00fchrt.<\/p>\r\n<h5>Beschwerderecht bei der zust\u00e4ndigen Aufsichtsbeh\u00f6rde<\/h5>\r\n<p>Im Falle datenschutzrechtlicher Verst\u00f6\u00dfe steht dem Betroffenen ein Beschwerderecht bei der zust\u00e4ndigen Aufsichtsbeh\u00f6rde zu. Zust\u00e4ndige Aufsichtsbeh\u00f6rde in datenschutzrechtlichen Fragen ist der Landesdatenschutzbeauftragte in Schleswig-Holstein \/\/ Kreis Pinneberg. Eine Liste der Datenschutzbeauftragten sowie deren Kontaktdaten k\u00f6nnen folgendem Link entnommen werden: <a href=\"https:\/\/www.bfdi.bund.de\/DE\/Infothek\/Anschriften_Links\/anschriften_links-node.html\" target=\"_blank\" rel=\"noopener\">www.bfdi.bund.de\/DE\/Infothek\/Anschriften_Links\/anschriften_links-node.html<\/a>.<\/p>\r\n<h5>Aktualisierung dieser Datenschutzerkl\u00e4rung<\/h5>\r\n<p>Ich behalte mir vor, diese Datenschutzerkl\u00e4rung zu gegebener Zeit zu aktualisieren, um den Datenschutz zu verbessern und\/oder an ge\u00e4nderte Beh\u00f6rdenpraxis oder Rechtsprechung anzupassen.<\/p>\r\n<p><span style=\"font-family: gothic-a1-light;\"><\/span><\/p>","protected":false},"excerpt":{"rendered":"","protected":false},"author":1,"featured_media":0,"parent":0,"menu_order":0,"comment_status":"closed","ping_status":"closed","template":"","meta":{"_acf_changed":false,"footnotes":""},"class_list":["post-1448","page","type-page","status-publish","hentry"],"acf":[],"_links":{"self":[{"href":"https:\/\/svea-gustafsen.com\/en\/wp-json\/wp\/v2\/pages\/1448","targetHints":{"allow":["GET"]}}],"collection":[{"href":"https:\/\/svea-gustafsen.com\/en\/wp-json\/wp\/v2\/pages"}],"about":[{"href":"https:\/\/svea-gustafsen.com\/en\/wp-json\/wp\/v2\/types\/page"}],"author":[{"embeddable":true,"href":"https:\/\/svea-gustafsen.com\/en\/wp-json\/wp\/v2\/users\/1"}],"replies":[{"embeddable":true,"href":"https:\/\/svea-gustafsen.com\/en\/wp-json\/wp\/v2\/comments?post=1448"}],"version-history":[{"count":20,"href":"https:\/\/svea-gustafsen.com\/en\/wp-json\/wp\/v2\/pages\/1448\/revisions"}],"predecessor-version":[{"id":3047,"href":"https:\/\/svea-gustafsen.com\/en\/wp-json\/wp\/v2\/pages\/1448\/revisions\/3047"}],"wp:attachment":[{"href":"https:\/\/svea-gustafsen.com\/en\/wp-json\/wp\/v2\/media?parent=1448"}],"curies":[{"name":"wp","href":"https:\/\/api.w.org\/{rel}","templated":true}]}}