{"id":1682,"date":"2023-03-14T16:05:05","date_gmt":"2023-03-14T16:05:05","guid":{"rendered":"https:\/\/svea-gustafsen.com\/?page_id=1682"},"modified":"2023-04-05T12:37:57","modified_gmt":"2023-04-05T12:37:57","slug":"newsletter","status":"publish","type":"page","link":"https:\/\/svea-gustafsen.com\/en\/newsletter","title":{"rendered":"Newsletter"},"content":{"rendered":"  \n  \n  <div class=\"\n    mailpoet_form_popup_overlay\n      \"><\/div>\n  <div\n    id=\"mailpoet_form_2\"\n    class=\"\n      mailpoet_form\n      mailpoet_form_shortcode\n      mailpoet_form_position_\n      mailpoet_form_animation_\n    \"\n      >\n\n    <style type=\"text\/css\">\n     #mailpoet_form_2 .mailpoet_form {  }\n#mailpoet_form_2 form { margin-bottom: 0; }\n#mailpoet_form_2 .mailpoet_column_with_background { padding: 0px; }\n#mailpoet_form_2 .wp-block-column:not(:first-child), #mailpoet_form_2 .mailpoet_form_column:not(:first-child) { padding: 0 20px; }\n#mailpoet_form_2 .mailpoet_form_column:not(:first-child) { margin-left: 0; }\n#mailpoet_form_2 h2.mailpoet-heading { margin: 0 0 20px 0; }\n#mailpoet_form_2 .mailpoet_paragraph { line-height: 20px; margin-bottom: 20px; }\n#mailpoet_form_2 .mailpoet_segment_label, #mailpoet_form_2 .mailpoet_text_label, #mailpoet_form_2 .mailpoet_textarea_label, #mailpoet_form_2 .mailpoet_select_label, #mailpoet_form_2 .mailpoet_radio_label, #mailpoet_form_2 .mailpoet_checkbox_label, #mailpoet_form_2 .mailpoet_list_label, #mailpoet_form_2 .mailpoet_date_label { display: block; font-weight: normal; }\n#mailpoet_form_2 .mailpoet_text, #mailpoet_form_2 .mailpoet_textarea, #mailpoet_form_2 .mailpoet_select, #mailpoet_form_2 .mailpoet_date_month, #mailpoet_form_2 .mailpoet_date_day, #mailpoet_form_2 .mailpoet_date_year, #mailpoet_form_2 .mailpoet_date { display: block; }\n#mailpoet_form_2 .mailpoet_text, #mailpoet_form_2 .mailpoet_textarea { width: 200px; }\n#mailpoet_form_2 .mailpoet_checkbox {  }\n#mailpoet_form_2 .mailpoet_submit {  }\n#mailpoet_form_2 .mailpoet_divider {  }\n#mailpoet_form_2 .mailpoet_message {  }\n#mailpoet_form_2 .mailpoet_form_loading { width: 30px; text-align: center; line-height: normal; }\n#mailpoet_form_2 .mailpoet_form_loading > span { width: 5px; height: 5px; background-color: #5b5b5b; }#mailpoet_form_2{border-radius: 4px;background: #ffffff;color: #1e1e1e;text-align: left;}#mailpoet_form_2 form.mailpoet_form {padding: 10px;}#mailpoet_form_2{width: 100%;}#mailpoet_form_2 .mailpoet_message {margin: 0; padding: 0 20px;}\n        #mailpoet_form_2 .mailpoet_validate_success {color: #00d084}\n        #mailpoet_form_2 input.parsley-success {color: #00d084}\n        #mailpoet_form_2 select.parsley-success {color: #00d084}\n        #mailpoet_form_2 textarea.parsley-success {color: #00d084}\n      \n        #mailpoet_form_2 .mailpoet_validate_error {color: #cf2e2e}\n        #mailpoet_form_2 input.parsley-error {color: #cf2e2e}\n        #mailpoet_form_2 select.parsley-error {color: #cf2e2e}\n        #mailpoet_form_2 textarea.textarea.parsley-error {color: #cf2e2e}\n        #mailpoet_form_2 .parsley-errors-list {color: #cf2e2e}\n        #mailpoet_form_2 .parsley-required {color: #cf2e2e}\n        #mailpoet_form_2 .parsley-custom-error-message {color: #cf2e2e}\n      #mailpoet_form_2 .mailpoet_paragraph.last {margin-bottom: 0} @media (max-width: 500px) {#mailpoet_form_2 {background: #ffffff;}} @media (min-width: 500px) {#mailpoet_form_2 .last .mailpoet_paragraph:last-child {margin-bottom: 0}}  @media (max-width: 500px) {#mailpoet_form_2 .mailpoet_form_column:last-child .mailpoet_paragraph:last-child {margin-bottom: 0}} \n    <\/style>\n\n    <form\n      target=\"_self\"\n      method=\"post\"\n      action=\"https:\/\/svea-gustafsen.com\/wp-admin\/admin-post.php?action=mailpoet_subscription_form\"\n      class=\"mailpoet_form mailpoet_form_form mailpoet_form_shortcode\"\n      novalidate\n      data-delay=\"\"\n      data-exit-intent-enabled=\"\"\n      data-font-family=\"\"\n      data-cookie-expiration-time=\"\"\n    >\n      <input type=\"hidden\" name=\"data[form_id]\" value=\"2\" \/>\n      <input type=\"hidden\" name=\"token\" value=\"d89ccda09f\" \/>\n      <input type=\"hidden\" name=\"api_version\" value=\"v1\" \/>\n      <input type=\"hidden\" name=\"endpoint\" value=\"subscribers\" \/>\n      <input type=\"hidden\" name=\"mailpoet_method\" value=\"subscribe\" \/>\n\n      <label class=\"mailpoet_hp_email_label\" style=\"display: none !important;\">Please leave this field empty<input type=\"email\" name=\"data[email]\"\/><\/label><div class='mailpoet_spacer' style='height: 10px;'><\/div>\n<p class=\"mailpoet_form_paragraph \" style=\"text-align: left\">\u00dcber den Newsletter lade ich Sie zu meinen Veranstaltungen und Ausstellungen ein und informiere Sie \u00fcber Neuigkeiten. <\/p>\n<p class=\"mailpoet_form_paragraph \" style=\"text-align: left\">Registrieren Sie sich bitte!<\/p>\n<div class=\"mailpoet_paragraph \"><input type=\"email\" autocomplete=\"email\" class=\"mailpoet_text\" id=\"form_email_2\" name=\"data[form_field_Y2YxOGY0YmJlNGFlX2VtYWls]\" title=\"E-Mail-Adresse\" value=\"\" style=\"width:100%;box-sizing:border-box;background-color:#faf6f1;border-style:solid;border-radius:5px !important;border-width:0px;border-color:#313131;padding:10px;margin: 0 auto 0 0;font-family:&#039;Karla&#039;;font-size:15px;line-height:1.5;height:auto;\" data-automation-id=\"form_email\"  placeholder=\"E-Mail-Adresse *\" aria-label=\"E-Mail-Adresse *\" data-parsley-errors-container=\".mailpoet_error_2wuz6\" data-parsley-required=\"true\" required aria-required=\"true\" data-parsley-minlength=\"6\" data-parsley-maxlength=\"150\" data-parsley-type-message=\"This value should be a valid email.\" data-parsley-required-message=\"This field is required.\"\/><span class=\"mailpoet_error_2wuz6\"><\/span><\/div>\n<div class=\"mailpoet_paragraph \"><input type=\"submit\" class=\"mailpoet_submit\" value=\"Abonnieren\" data-automation-id=\"subscribe-submit-button\" data-font-family='Karla' style=\"width:100%;box-sizing:border-box;background-color:#edd4b5;border-style:solid;border-radius:5px !important;border-width:0px;padding:10px;margin: 0 auto 0 0;font-family:&#039;Karla&#039;;font-size:15px;line-height:1.5;height:auto;color:#ffffff;border-color:transparent;font-weight:bold;\" \/><span class=\"mailpoet_form_loading\"><span class=\"mailpoet_bounce1\"><\/span><span class=\"mailpoet_bounce2\"><\/span><span class=\"mailpoet_bounce3\"><\/span><\/span><\/div>\n<p class=\"mailpoet_form_paragraph  mailpoet-has-font-size\" style=\"text-align: left; color: #1e1e1e; font-size: 13px\"><span style=\"font-family: Karla\" data-font=\"Karla\" class=\"mailpoet-has-font\">Ihre Daten werden \u00fcber eine sichere SSL-Verschl\u00fcsselung an mich \u00fcbertragen. <\/span><a href=\"https:\/\/svea-gustafsen.com\/datenschutz\"><span style=\"font-family: Karla\" data-font=\"Karla\" class=\"mailpoet-has-font\">Datenschutzerkl\u00e4rung<\/span><span style=\"font-family: Karla\" data-font=\"Karla\" class=\"mailpoet-has-font\"><\/span><\/a><\/p>\n\n      <div class=\"mailpoet_message\">\n        <p class=\"mailpoet_validate_success\"\n                style=\"display:none;\"\n                >Bitte pr\u00fcfen Sie Ihren Posteingang oder Spam-Ordner, um Ihr Abonnement zu best\u00e4tigen.\nVielen Dank!\n- - - - \nPlease check your inbox or spam folder to confirm your subscription.\nThank you very much!\n        <\/p>\n        <p class=\"mailpoet_validate_error\"\n                style=\"display:none;\"\n                >        <\/p>\n      <\/div>\n    <\/form>\n\n      <\/div>\n\n  \n","protected":false},"excerpt":{"rendered":"","protected":false},"author":4,"featured_media":0,"parent":0,"menu_order":0,"comment_status":"closed","ping_status":"closed","template":"","meta":{"_acf_changed":false,"footnotes":""},"class_list":["post-1682","page","type-page","status-publish","hentry"],"acf":[],"_links":{"self":[{"href":"https:\/\/svea-gustafsen.com\/en\/wp-json\/wp\/v2\/pages\/1682","targetHints":{"allow":["GET"]}}],"collection":[{"href":"https:\/\/svea-gustafsen.com\/en\/wp-json\/wp\/v2\/pages"}],"about":[{"href":"https:\/\/svea-gustafsen.com\/en\/wp-json\/wp\/v2\/types\/page"}],"author":[{"embeddable":true,"href":"https:\/\/svea-gustafsen.com\/en\/wp-json\/wp\/v2\/users\/4"}],"replies":[{"embeddable":true,"href":"https:\/\/svea-gustafsen.com\/en\/wp-json\/wp\/v2\/comments?post=1682"}],"version-history":[{"count":10,"href":"https:\/\/svea-gustafsen.com\/en\/wp-json\/wp\/v2\/pages\/1682\/revisions"}],"predecessor-version":[{"id":3053,"href":"https:\/\/svea-gustafsen.com\/en\/wp-json\/wp\/v2\/pages\/1682\/revisions\/3053"}],"wp:attachment":[{"href":"https:\/\/svea-gustafsen.com\/en\/wp-json\/wp\/v2\/media?parent=1682"}],"curies":[{"name":"wp","href":"https:\/\/api.w.org\/{rel}","templated":true}]}}